{"id":56,"date":"2020-05-07T09:51:08","date_gmt":"2020-05-07T07:51:08","guid":{"rendered":"http:\/\/impiantigironi.com\/?page_id=56"},"modified":"2020-06-01T17:56:58","modified_gmt":"2020-06-01T15:56:58","slug":"privacy-policy","status":"publish","type":"page","link":"https:\/\/www.impiantigironi.com\/?page_id=56","title":{"rendered":"Privacy Policy"},"content":{"rendered":"\n<h2>Titolare del trattamento<\/h2>\n\n\n\n<p>Titolare del trattamento dei dati \u00e8  Gironi Impianti s.r.l. (PI. 08002170150) Via Monferrato 5\/B &#8211; 20094 Corsico (MI). Il titolare del trattamento dei dati \u00e8 responsabile per questa privacy policy. Eventuali incaricati del trattamento dati, ai sensi dell&#8217;art. 30 del D. Lgs. 196\/03, sono designati rispettivamente dal Titolare e dal Responsabile del trattamento e operano sotto la diretta autorit\u00e0 degli stessi sulla base delle istruzioni ricevute.<\/p>\n\n\n\n<h2>Luogo di trattamento dei dati<\/h2>\n\n\n\n<p>I trattamenti connessi ai servizi Web di questo Sito hanno luogo presso la predetta sede di Gironi Impianti srl e sono curati solo da personale tecnico incaricato del trattamento, oppure da eventuali incaricati di occasionali operazioni di manutenzione. Nessun dato derivante dal servizio web viene comunicato o diffuso.<\/p>\n\n\n\n<h2>Finalit\u00e0 del trattamento dei dati<\/h2>\n\n\n\n<p>I dati personali forniti dagli Utenti che inoltrano richieste di informazioni o di invio di materiale informativo (quali moduli di contatto, richieste di preventivi, iscrizioni a newsletter, ecc) sono utilizzati al solo fine di eseguire il servizio o la prestazione richiesta.<\/p>\n\n\n\n<p>Nessun dato derivante dal servizio web viene comunicato o diffuso.<\/p>\n\n\n\n<h2>Tipi di dati trattati<\/h2>\n\n\n\n<h3>Dati forniti volontariamente dall&#8217;Utente<\/h3>\n\n\n\n<p>L&#8217;invio facoltativo, esplicito e volontario di posta elettronica agli indirizzi indicati su questo Sito comporta la successiva acquisizione dell&#8217;indirizzo del mittente, necessario per rispondere alle richieste, nonch\u00e9 degli eventuali altri dati personali inseriti nella missiva.<\/p>\n\n\n\n<h3>Cookie<\/h3>\n\n\n\n<p>Utilizzo dei cookie e di tecnologie similari<\/p>\n\n\n\n<p>Definizioni<\/p>\n\n\n\n<p>I cookie sono stringhe di testo di piccole dimensioni che i siti visitati dall&#8217;utente inviano al suo terminale (solitamente al browser), dove vengono memorizzati per essere poi ritrasmessi agli stessi siti alla successiva visita del medesimo utente. Nel corso della navigazione su un sito, l&#8217;utente pu\u00f2 ricevere sul suo terminale anche cookie che vengono inviati da siti o da web server diversi (c.d. &#8220;terze parti&#8221;), sui quali possono risiedere alcuni elementi presenti sul sito che lo stesso sta visitando.<\/p>\n\n\n\n<p>Durata dei cookie<\/p>\n\n\n\n<p>Alcuni cookie (cookie di sessione) restano attivi solo fino alla chiusura del browser. Altri cookie &#8220;sopravvivono&#8221; alla chiusura del browser e sono disponibili anche in successive visite dell&#8217;utente. Questi cookie sono detti persistenti e la loro durata \u00e8 fissata dal server al momento della loro creazione. In alcuni casi \u00e8 fissata una scadenza, in altri casi la durata \u00e8 illimitata.<\/p>\n\n\n\n<h2><br>Come il sito usa i cookie e per quali finalit\u00e0<\/h2>\n\n\n\n<p>Il Sito di Gironi Impianti s.r.l. non utilizza cookie di profilazione.<br>Pu\u00f2 invece in alcuni casi utilizzare cookie tecnici, tra i quali in particolare cookie di sessione (ad esempio JSESSIONID, PHPSESSIONID, ASPSESSIONID, Flash Cookie ecc.) che vengono eliminati alla chiusura del browser, ai fini di offrire alcuni servizi quali ad esempio autenticazione ad aree riservate o selezione di prodotti nel carrello per acquisto.<br>Tali cookie possono essere disabilitati e cancellati attraverso le impostazioni del browser, come indicato in seguito. La disabilitazione di questi cookie potrebbe influire negativamente sulle prestazioni dei siti e potrebbe renderne indisponibili alcune funzionalit\u00e0 e servizio.<\/p>\n\n\n\n<p>Per questi, fermo restando la possibilit\u00e0 di disabilitarli attraverso le impostazioni del browser come indicato in seguito, viene fornito il link all&#8217;informativa estesa ed ai moduli di consenso delle terze parti che installano i cookie:<\/p>\n\n\n\n<h2><br>Come disabilitare i cookie<\/h2>\n\n\n\n<p>L&#8217;utente pu\u00f2 decidere se accettare o meno i cookie. A questo scopo pu\u00f2 utilizzare le impostazioni del browser Internet. La maggior parte dei browser consente di gestire (visualizzare, abilitare, disabilitare e cancellare) i cookie tramite le impostazioni.<\/p>\n\n\n\n<p>I seguenti siti web contengono informazioni su come regolare le impostazioni dei cookie in alcuni browser pi\u00f9 diffusi:<\/p>\n\n\n\n<p><a href=\"http:\/\/www.apple.com\/it\/privacy\/use-of-cookies\/\">Apple Safari<\/a><br><a href=\"https:\/\/support.google.com\/chrome\/bin\/answer.py?hl=it-IT&amp;answer=95647&amp;p=cpn_cookies\">Google Chrome<\/a><br><a href=\"http:\/\/windows.microsoft.com\/it-IT\/windows7\/Block-enable-or-allow-cookies\">Microsoft Internet Explorer<\/a><br><a href=\"http:\/\/support.mozilla.org\/it\/kb\/Bloccare%20i%20cookie?redirectlocale=en-%20%20%20%20US&amp;redirectslug=Blocking+cookies\">Mozilla Firefox<\/a><\/p>\n\n\n\n<p>Se il vostro browser non \u00e8 presente, fate riferimento alle informazioni sui cookie fornite dal browser stesso. Se utilizzate un telefono cellulare, consultate il relativo manuale per reperire ulteriori informazioni.<\/p>\n\n\n\n<p>A seguito di disabilitazione dei cookie attraverso le impostazioni del browser, si ricorda la necessit\u00e0 di provvedere sempre attraverso le stesse alla eliminazione di quelli gi\u00e0 presenti prima della disabilitazione stessa.<\/p>\n\n\n\n<h2>Facoltativit\u00e0 del Conferimento dei dati personali<\/h2>\n\n\n\n<p>Salvo quanto specificato per i dati di navigazione, l&#8217;Utente \u00e8 libero di fornire i dati personali riportati nei moduli di richiesta o nei moduli per la registrazione al Sito per ricevere beni o servizi, ovvero inviando richiesta di informazioni al Sito tramite posta elettronica.<br>Il loro mancato conferimento pu\u00f2 comportare l&#8217;impossibilit\u00e0 di ottenere quanto richiesto.<\/p>\n\n\n\n<h2>Modalit\u00e0 del trattamento<\/h2>\n\n\n\n<p>I dati personali sono trattati con strumenti automatizzati per il tempo strettamente necessario a conseguire gli scopi per cui sono stati raccolti. Specifiche misure di sicurezza sono osservate per prevenire la perdita dei dati, usi illeciti o non corretti ed accessi non autorizzati.<\/p>\n\n\n\n<h2>Diritti degli interessati<\/h2>\n\n\n\n<p>I soggetti cui si riferiscono i dati personali hanno il diritto in qualunque momento di ottenere la conferma dell&#8217;esistenza o meno dei medesimi dati e di conoscerne il contenuto e l&#8217;origine, verificarne l&#8217;esattezza o chiederne l&#8217;integrazione o l&#8217;aggiornamento, oppure la rettifica (articolo 7 del Codice in materia di protezione dei dati personali).<br>Ai sensi del medesimo articolo si ha il diritto di chiedere la cancellazione, la trasformazione in forma anonima o il blocco dei dati trattati in violazione di legge, nonch\u00e9 di opporsi in ogni caso, per motivi legittimi, al loro trattamento.<br>Le comunicazioni andranno inviate al Titolare del Trattamento, Gironi Impianti s.r.l., tramite e-mail all&#8217;indirizzo\u00a0\u00a0<a href=\"mailto:info@hotelcommercio.it\">info@impiantigironi.com<\/a><\/p>\n\n\n\n<h2>Parte riservata per i minorenni<\/h2>\n\n\n\n<p>Nessuna persona di et\u00e0 inferiore ai 18 anni, senza previo consenso dei genitori o di chi ne fa le veci, potr\u00e0 inviare informazioni al Sito, ne tantomeno potr\u00e0 fare acquisti o perfezionare atti legali presso questo Sito senza il suddetto consenso, a meno che ci\u00f2 non sia consentito dalle norme in vigore.<\/p>\n\n\n\n<p>Modifiche all&#8217;informativa<\/p>\n\n\n\n<p>Gironi Impianti s.r.l. potr\u00e0 apportare modifiche all&#8217;informativa al fine di recepire cambiamenti della normativa nazionale e\/o comunitaria o per adeguarsi ad intervenute innovazioni tecnologiche. Eventuali modifiche saranno riportate su questa pagina web resa costantemente consultabile mediante il collegamento ipertestuale situato nella home page del Sito. Vi preghiamo di prendere visione della seguente Privacy Policy e di controllarla periodicamente con attenzione al fine di verificare eventuali aggiornamenti o revisioni che si dovessero rendere necessari.\u00a0<\/p>\n","protected":false},"excerpt":{"rendered":"<p>Titolare del trattamento Titolare del trattamento dei dati \u00e8 Gironi Impianti s.r.l. (PI. 08002170150) Via Monferrato 5\/B &#8211; 20094 Corsico (MI). Il titolare del trattamento dei dati \u00e8 responsabile per questa privacy policy. Eventuali incaricati del trattamento dati, ai sensi dell&#8217;art. 30 del D. Lgs. 196\/03, sono designati rispettivamente dal [&hellip;]<\/p>\n","protected":false},"author":1,"featured_media":0,"parent":0,"menu_order":0,"comment_status":"closed","ping_status":"closed","template":"","meta":[],"_links":{"self":[{"href":"https:\/\/www.impiantigironi.com\/index.php?rest_route=\/wp\/v2\/pages\/56"}],"collection":[{"href":"https:\/\/www.impiantigironi.com\/index.php?rest_route=\/wp\/v2\/pages"}],"about":[{"href":"https:\/\/www.impiantigironi.com\/index.php?rest_route=\/wp\/v2\/types\/page"}],"author":[{"embeddable":true,"href":"https:\/\/www.impiantigironi.com\/index.php?rest_route=\/wp\/v2\/users\/1"}],"replies":[{"embeddable":true,"href":"https:\/\/www.impiantigironi.com\/index.php?rest_route=%2Fwp%2Fv2%2Fcomments&post=56"}],"version-history":[{"count":3,"href":"https:\/\/www.impiantigironi.com\/index.php?rest_route=\/wp\/v2\/pages\/56\/revisions"}],"predecessor-version":[{"id":409,"href":"https:\/\/www.impiantigironi.com\/index.php?rest_route=\/wp\/v2\/pages\/56\/revisions\/409"}],"wp:attachment":[{"href":"https:\/\/www.impiantigironi.com\/index.php?rest_route=%2Fwp%2Fv2%2Fmedia&parent=56"}],"curies":[{"name":"wp","href":"https:\/\/api.w.org\/{rel}","templated":true}]}}