{"id":11,"date":"2020-04-16T10:45:57","date_gmt":"2020-04-16T08:45:57","guid":{"rendered":"http:\/\/impiantigironi.com\/?page_id=11"},"modified":"2020-06-03T08:57:49","modified_gmt":"2020-06-03T06:57:49","slug":"servizi","status":"publish","type":"page","link":"https:\/\/www.impiantigironi.com\/?page_id=11","title":{"rendered":"Tecnologia"},"content":{"rendered":"<p><strong>Impianti pressostatici<\/strong><\/p>\n<p>Il funzionamento di questi impianti \u00e8 controllato da interruttori pressostatici (pressostati) che provvedono ad avviare ed arrestare le elettropompe installate.<\/p>\n<p>I quadri elettrici da noi progettati e realizzati, comprendono inoltre un dispositivo elettronico che provvede alla alternanza ad ogni singolo attacco delle elettropompe ed al funzionamento in cascata delle stesse. Il quadro \u00e8 inoltre integrato di dispositivi di sicurezza attivi d\u2019impianto. Per gli impianti che necessitano pi\u00f9 di due elettropompe il ns. quadro \u00e8 integrato da un PLC Siemens che controlla lo stato, l\u2019alternanza, il funzionamento in cascata nonch\u00e9 provvede all\u2019autodiagnosi dei componenti ad esso collegati.<\/p>\n<p><strong>Impianti controllati tramite inverter (convertitore di frequenza di funzionamento dei motori)<\/strong><\/p>\n<p>La gestione moderna degli impianti di sollevamento richiede centrali equipaggiate non pi\u00f9 da varie pompe con funzionamento tradizionale pressostatico ma da poche macchine a giri variabili, che regolano in tempo reale ed in modo automatico la portata in funzione delle reali esigenze dell&#8217;utenza al fine di mantenere la prevalenza costante.<\/p>\n<p>Il mezzo pi\u00f9 moderno e vantaggioso \u00e8 quello di impiegare motori asincroni trifasi regolati da inverter con i quali \u00e8 possibile variare la velocit\u00e0 di rotazione delle elettropompe.<\/p>\n<p>La complessit\u00e0 degli impianti e la dislocazione degli stessi pu\u00f2 richiedere la centralizzazione delle informazioni sullo stato di funzionamento e la comunicazione in tempo reale di eventuali allarmi delle apparecchiature installate, funzione normalmente affidata ad un sistema di telecontrollo. Tutti i nostri sistemi possono essere integrati, con specifica scheda di comunicazione, per soddisfare al meglio le diverse esigenze applicative nel settore.<\/p>\n<p>L\u2019utilizzo degli inverter consente di ottenere numerosi vantaggi. Tra i pi\u00f9 importanti annoveriamo:<\/p>\n<ul>\n<li>Pressione costante con regolazione in tempo reale della portata in funzione del fabbisogno dell\u2019utenza. Soppressione dei colpi d\u2019ariete in impianto e la riduzione delle perdite di carico della rete grazie ad una migliore gestione della pressione di esercizio.<\/li>\n<li>L\u2019avviamento morbido delle elettropompe motore tramite rampe programmabili allunga la vita del motore e della pompa stessa prevenendo danni a valvole e tubazioni.<\/li>\n<li>L\u2019abbattimento dei consumi energetici con l\u2019eliminazione delle correnti di spunto ed una maggior protezione termica elettronica del motore.<\/li>\n<li>Eliminazione della necessit\u00e0 di rifasamento in quanto il Cos\u00d8 \u00e8 prossimo a 1.<\/li>\n<\/ul>\n<p>La nostra societ\u00e0 si avvale esclusivamente di inverter Siemens filtrati in \u201cclasse A\u201d in quanto tali apparecchiature, oltre ad essere garanzia nel tempo, sono estremamente flessibili e offrono oltre 2000 parametri di configurazione tra cui l\u2019autoreset, l\u2019autodiagnosi, circuiti PID, diverse rampe di accelerazione\/decelerazione etc.<\/p>\n<p>I quadri elettrici da noi progettati e realizzati, comprendono inoltre un controller che provvede giornalmente allo scambio dell\u2019elettropompa controllata tramite inverter con riconoscimento delle eventuali elettropompe disinserite dal sistema. Il quadro \u00e8 inoltre integrato, al fine di poter garantire il funzionamento anche in caso di anomalie dei componenti elettronici, di tutta una serie di componenti elettromeccanici per \u201cemergenza dell\u2019impianto\u201d.<\/p>\n<p><strong>Impianti misti (inverter e pressostatici) <\/strong><\/p>\n<p>La tecnologia odierna ha permesso ai costruttori di elettropompe di integrare un micro inverter all\u2019interno dei motori delle elettropompe (E-pumps).<\/p>\n<p>Il funzionamento dei nostri impianti \u00e8 realizzato, sempre nell\u2019ottica di garantire il funzionamento, impiegando una pompa elettronica E-pumps ed una pompa tradizionale pressostatica. Questi impianti oltre ad avere tutti i vantaggi dei pi\u00f9 complessi impianti controllati tramite inverter sono, ad oggi, nettamente i pi\u00f9 silenziosi presenti sul mercato.<\/p>\n<p><strong>Impianti con multi pompe inverter (E-pumps) <\/strong><\/p>\n<p>L\u2019utilizzo di questa tecnologia viene impiegata quando risulta necessario conciliare il fabbisogno idrico dell\u2019utilizzatore con la bassa rumorosit\u00e0 d\u2019impianto.<\/p>\n<p>Il funzionamento dei nostri impianti \u00e8 realizzato, sempre nell\u2019ottica di garantire il funzionamento, impiegando pi\u00f9 pompe elettroniche E-pumps controllate tramite PLC Siemens che provvede a controllare lo stato, l\u2019alternanza, il funzionamento in cascata nonch\u00e9 provvede all\u2019autodiagnosi dei componenti ad esso collegati. Il quadro elettrico \u00e8 inoltre integrato da un circuito elettromeccanico per \u201cemergenza di funzionamento\u201d.<\/p>\n","protected":false},"excerpt":{"rendered":"<p>Impianti pressostatici Il funzionamento di questi impianti \u00e8 controllato da interruttori pressostatici (pressostati) che provvedono ad avviare ed arrestare le elettropompe installate. I quadri elettrici da noi progettati e realizzati, comprendono inoltre un dispositivo elettronico che provvede alla alternanza ad ogni singolo attacco delle elettropompe ed al funzionamento in cascata [&hellip;]<\/p>\n","protected":false},"author":1,"featured_media":412,"parent":0,"menu_order":0,"comment_status":"closed","ping_status":"closed","template":"","meta":[],"_links":{"self":[{"href":"https:\/\/www.impiantigironi.com\/index.php?rest_route=\/wp\/v2\/pages\/11"}],"collection":[{"href":"https:\/\/www.impiantigironi.com\/index.php?rest_route=\/wp\/v2\/pages"}],"about":[{"href":"https:\/\/www.impiantigironi.com\/index.php?rest_route=\/wp\/v2\/types\/page"}],"author":[{"embeddable":true,"href":"https:\/\/www.impiantigironi.com\/index.php?rest_route=\/wp\/v2\/users\/1"}],"replies":[{"embeddable":true,"href":"https:\/\/www.impiantigironi.com\/index.php?rest_route=%2Fwp%2Fv2%2Fcomments&post=11"}],"version-history":[{"count":13,"href":"https:\/\/www.impiantigironi.com\/index.php?rest_route=\/wp\/v2\/pages\/11\/revisions"}],"predecessor-version":[{"id":413,"href":"https:\/\/www.impiantigironi.com\/index.php?rest_route=\/wp\/v2\/pages\/11\/revisions\/413"}],"wp:featuredmedia":[{"embeddable":true,"href":"https:\/\/www.impiantigironi.com\/index.php?rest_route=\/wp\/v2\/media\/412"}],"wp:attachment":[{"href":"https:\/\/www.impiantigironi.com\/index.php?rest_route=%2Fwp%2Fv2%2Fmedia&parent=11"}],"curies":[{"name":"wp","href":"https:\/\/api.w.org\/{rel}","templated":true}]}}