{"id":10,"date":"2020-04-16T10:45:57","date_gmt":"2020-04-16T08:45:57","guid":{"rendered":"http:\/\/impiantigironi.com\/?page_id=10"},"modified":"2020-05-25T11:16:29","modified_gmt":"2020-05-25T09:16:29","slug":"azienda","status":"publish","type":"page","link":"https:\/\/www.impiantigironi.com\/?page_id=10","title":{"rendered":"La nostra storia"},"content":{"rendered":"<p>Gironi Impianti srl opera da pi\u00f9 di ottant\u2019anni esclusivamente nel campo dell\u2019installazione e della manutenzione degli impianti di sollevamento e di distribuzione acqua ad uso potabile e non potabile all\u2019interno di edifici adibiti ad uso civile ed industriale.<\/p>\n\n\n<div class=\"wp-container-4 wp-block-group\"><div class=\"wp-block-group__inner-container\">\n<div class=\"wp-container-3 wp-block-columns\">\n<div class=\"wp-container-1 wp-block-column\" style=\"flex-basis:66.66%\">\n<p>Fondata da Gironi Erminio nel 1934, inizialmente come negozio di rivendita e riparazioni idrauliche ed elettriche, nel 1955 passa alla guida di Claudio, che solo ventunenne intuisce l\u2019esigenza di \u201cmodernit\u00e0\u201d anche nel campo degli impianti idraulici all\u2019interno delle nuove costruzioni proprie del boom edilizio degli anni 60.<\/p>\n\n\n\n<p><\/p>\n<\/div>\n\n\n\n<div class=\"wp-container-2 wp-block-column\" style=\"flex-basis:33.33%\">\n<div class=\"wp-block-image\"><figure class=\"aligncenter size-large is-resized\"><a href=\"http:\/\/www.impiantigironi.com\/wp-content\/uploads\/2020\/05\/Iscrizione-CCIAA.jpg\"><img loading=\"lazy\" src=\"http:\/\/www.impiantigironi.com\/wp-content\/uploads\/2020\/05\/Iscrizione-CCIAA-716x1024.jpg\" alt=\"\" class=\"wp-image-264\" width=\"120\" height=\"171\" srcset=\"https:\/\/www.impiantigironi.com\/wp-content\/uploads\/2020\/05\/Iscrizione-CCIAA-716x1024.jpg 716w, https:\/\/www.impiantigironi.com\/wp-content\/uploads\/2020\/05\/Iscrizione-CCIAA-210x300.jpg 210w, https:\/\/www.impiantigironi.com\/wp-content\/uploads\/2020\/05\/Iscrizione-CCIAA-768x1098.jpg 768w, https:\/\/www.impiantigironi.com\/wp-content\/uploads\/2020\/05\/Iscrizione-CCIAA-1075x1536.jpg 1075w, https:\/\/www.impiantigironi.com\/wp-content\/uploads\/2020\/05\/Iscrizione-CCIAA-1433x2048.jpg 1433w, https:\/\/www.impiantigironi.com\/wp-content\/uploads\/2020\/05\/Iscrizione-CCIAA.jpg 1640w\" sizes=\"(max-width: 120px) 100vw, 120px\" \/><\/a><\/figure><\/div>\n\n\n\n<p><\/p>\n<\/div>\n<\/div>\n<\/div><\/div>\n\n\n<p>Suoi sono gli impianti idrici di interi Quartieri costruiti all\u2019epoca dall\u2019allora IACP Milano, alcuni tutt\u2019ora esistenti e funzionanti, che continuiamo a gestire in manutenzione, cos\u00ec come la realizzazione di impianti di riscaldamento centralizzati gestiti autonomamente dalle abitazioni con contabilizzazione delle ore di utilizzo\u2026.ed era il 1965!<\/p>\n<p>Dall\u2019iniziale Ditta individuale, si \u00e8 col tempo trasformata nell\u2019attuale Ragione Sociale e negli ultimi decenni, sostenendo un poderoso sforzo di ristrutturazione tecnologica, la Societ\u00e0 si \u00e8 messa in grado di fronteggiare le pi\u00f9 particolari richieste della Clientela, sia per quanto riguarda la progettazione che la realizzazione degli impianti, anche con specifici sistemi computerizzati di comando.<\/p>\n<p>Attualmente la Societ\u00e0 opera in oltre duemila edifici a prevalenza destinazione residenziale gestiti da oltre 900 Amministratori Condominiali ed \u00e8 diretta dalla terza generazione della famiglia Gironi, Massimo e Katia.<\/p>\n<p>Vanta di aver realizzato nel 1988 in Milano il primo sistema per il telecontrollo e lettura a distanza dei consumi di acqua calda all\u2019interno di 3300 alloggi in edilizia residenziale pubblica (ALER \u2013 allora IACP) in Milano nel Quartiere Gallaratese e Torre Martesana .<\/p>\n<p>Nel 1998 \u00e8 stata siglata la collaborazione con Caleffi spa \u2013 Fontaneto d\u2019Agogna (NO) nell\u2019ottica di soddisfare al meglio le esigenze della Clientela e di approntare un servizio mai realizzato prima da nessuna casa costruttrice, creando il primo Centro Assistenza Tecnica, per dispositivi antinquinamento (disconnettori).<\/p>\n<p>Nel 2004, la collaborazione si \u00e8 estesa anche ai sistemi di contabilizzazione del calore ed ai dispositivi di disinfezione termica.<\/p>\n\n\n<figure class=\"wp-container-6 wp-block-gallery-5 wp-block-gallery columns-2 is-cropped\"><ul class=\"blocks-gallery-grid\"><li class=\"blocks-gallery-item\"><figure><a href=\"http:\/\/www.impiantigironi.com\/wp-content\/uploads\/2020\/05\/Premio-Fedelt\u00e0-al-Lavoro-1985-scaled.jpg\"><img loading=\"lazy\" width=\"713\" height=\"1024\" src=\"http:\/\/www.impiantigironi.com\/wp-content\/uploads\/2020\/05\/Premio-Fedelt\u00e0-al-Lavoro-1985-713x1024.jpg\" alt=\"\" data-id=\"277\" data-full-url=\"http:\/\/www.impiantigironi.com\/wp-content\/uploads\/2020\/05\/Premio-Fedelt\u00e0-al-Lavoro-1985-scaled.jpg\" data-link=\"http:\/\/www.impiantigironi.com\/?attachment_id=277\" class=\"wp-image-277\" srcset=\"https:\/\/www.impiantigironi.com\/wp-content\/uploads\/2020\/05\/Premio-Fedelt\u00e0-al-Lavoro-1985-713x1024.jpg 713w, https:\/\/www.impiantigironi.com\/wp-content\/uploads\/2020\/05\/Premio-Fedelt\u00e0-al-Lavoro-1985-209x300.jpg 209w, https:\/\/www.impiantigironi.com\/wp-content\/uploads\/2020\/05\/Premio-Fedelt\u00e0-al-Lavoro-1985-768x1103.jpg 768w, https:\/\/www.impiantigironi.com\/wp-content\/uploads\/2020\/05\/Premio-Fedelt\u00e0-al-Lavoro-1985-1069x1536.jpg 1069w, https:\/\/www.impiantigironi.com\/wp-content\/uploads\/2020\/05\/Premio-Fedelt\u00e0-al-Lavoro-1985-1426x2048.jpg 1426w, https:\/\/www.impiantigironi.com\/wp-content\/uploads\/2020\/05\/Premio-Fedelt\u00e0-al-Lavoro-1985-scaled.jpg 1782w\" sizes=\"(max-width: 713px) 100vw, 713px\" \/><\/a><\/figure><\/li><li class=\"blocks-gallery-item\"><figure><a href=\"http:\/\/www.impiantigironi.com\/wp-content\/uploads\/2020\/05\/Premio-Milano-Produttiva-2016-scaled.jpg\"><img loading=\"lazy\" width=\"722\" height=\"1024\" src=\"http:\/\/www.impiantigironi.com\/wp-content\/uploads\/2020\/05\/Premio-Milano-Produttiva-2016-722x1024.jpg\" alt=\"\" data-id=\"278\" data-full-url=\"http:\/\/www.impiantigironi.com\/wp-content\/uploads\/2020\/05\/Premio-Milano-Produttiva-2016-scaled.jpg\" data-link=\"http:\/\/www.impiantigironi.com\/?attachment_id=278\" class=\"wp-image-278\" srcset=\"https:\/\/www.impiantigironi.com\/wp-content\/uploads\/2020\/05\/Premio-Milano-Produttiva-2016-722x1024.jpg 722w, https:\/\/www.impiantigironi.com\/wp-content\/uploads\/2020\/05\/Premio-Milano-Produttiva-2016-211x300.jpg 211w, https:\/\/www.impiantigironi.com\/wp-content\/uploads\/2020\/05\/Premio-Milano-Produttiva-2016-768x1090.jpg 768w, https:\/\/www.impiantigironi.com\/wp-content\/uploads\/2020\/05\/Premio-Milano-Produttiva-2016-1083x1536.jpg 1083w, https:\/\/www.impiantigironi.com\/wp-content\/uploads\/2020\/05\/Premio-Milano-Produttiva-2016-1443x2048.jpg 1443w, https:\/\/www.impiantigironi.com\/wp-content\/uploads\/2020\/05\/Premio-Milano-Produttiva-2016-scaled.jpg 1804w\" sizes=\"(max-width: 722px) 100vw, 722px\" \/><\/a><\/figure><\/li><\/ul><\/figure>\n","protected":false},"excerpt":{"rendered":"<p>Gironi Impianti srl opera da pi\u00f9 di ottant\u2019anni esclusivamente nel campo dell\u2019installazione e della manutenzione degli impianti di sollevamento e di distribuzione acqua ad uso potabile e non potabile all\u2019interno di edifici adibiti ad uso civile ed industriale. Fondata da Gironi Erminio nel 1934, inizialmente come negozio di rivendita e [&hellip;]<\/p>\n","protected":false},"author":1,"featured_media":296,"parent":0,"menu_order":0,"comment_status":"closed","ping_status":"closed","template":"page-templates\/template-page-sidebar.php","meta":[],"_links":{"self":[{"href":"https:\/\/www.impiantigironi.com\/index.php?rest_route=\/wp\/v2\/pages\/10"}],"collection":[{"href":"https:\/\/www.impiantigironi.com\/index.php?rest_route=\/wp\/v2\/pages"}],"about":[{"href":"https:\/\/www.impiantigironi.com\/index.php?rest_route=\/wp\/v2\/types\/page"}],"author":[{"embeddable":true,"href":"https:\/\/www.impiantigironi.com\/index.php?rest_route=\/wp\/v2\/users\/1"}],"replies":[{"embeddable":true,"href":"https:\/\/www.impiantigironi.com\/index.php?rest_route=%2Fwp%2Fv2%2Fcomments&post=10"}],"version-history":[{"count":40,"href":"https:\/\/www.impiantigironi.com\/index.php?rest_route=\/wp\/v2\/pages\/10\/revisions"}],"predecessor-version":[{"id":348,"href":"https:\/\/www.impiantigironi.com\/index.php?rest_route=\/wp\/v2\/pages\/10\/revisions\/348"}],"wp:featuredmedia":[{"embeddable":true,"href":"https:\/\/www.impiantigironi.com\/index.php?rest_route=\/wp\/v2\/media\/296"}],"wp:attachment":[{"href":"https:\/\/www.impiantigironi.com\/index.php?rest_route=%2Fwp%2Fv2%2Fmedia&parent=10"}],"curies":[{"name":"wp","href":"https:\/\/api.w.org\/{rel}","templated":true}]}}